{"id":2,"date":"2021-05-30T15:33:05","date_gmt":"2021-05-30T13:33:05","guid":{"rendered":"http:\/\/brocantedebouge.net\/?page_id=2"},"modified":"2026-02-17T09:17:07","modified_gmt":"2026-02-17T08:17:07","slug":"page-d-exemple","status":"publish","type":"page","link":"https:\/\/brocantedebouge.net\/index.php\/page-d-exemple\/","title":{"rendered":"La brocante de Bouge en quelques mots : 2026"},"content":{"rendered":"\n<p><strong>La brocante 2026 n&rsquo;attend plus que vos inscriptions !  <\/strong><br><strong>R\u00e9servations accessibles : > 15\/02\/2026<\/strong><\/p>\n\n\n\n<p>Apr\u00e8s, il reste la possibilit\u00e9 du placement libre en se pr\u00e9sentant le jour de la brocante au stand de \u00ab\u00a0Ars et Labor\u00a0\u00bb qui se trouvera sur le parking de \u00ab\u00a0Tom &amp; Co\u00a0\u00bb.<\/p>\n\n\n\n<figure class=\"wp-block-image size-full is-resized\"><img loading=\"lazy\" decoding=\"async\" width=\"500\" height=\"500\" src=\"https:\/\/brocantedebouge.net\/wp-content\/uploads\/2022\/07\/icon-new.png\" alt=\"\" class=\"wp-image-187\" style=\"width:82px;height:82px\" srcset=\"https:\/\/brocantedebouge.net\/wp-content\/uploads\/2022\/07\/icon-new.png 500w, https:\/\/brocantedebouge.net\/wp-content\/uploads\/2022\/07\/icon-new-300x300.png 300w, https:\/\/brocantedebouge.net\/wp-content\/uploads\/2022\/07\/icon-new-150x150.png 150w\" sizes=\"auto, (max-width: 500px) 100vw, 500px\" \/><\/figure>\n\n\n\n<p><\/p>\n\n\n\n<p>La s\u00e9curit\u00e9 reste une priorit\u00e9. Le jour de la brocante, il est rappel\u00e9 que les d\u00e9placements de v\u00e9hicules sont r\u00e9gis par des arr\u00eat\u00e9s de police, la prudence reste le ma\u00eetre mot.<br>La demande d&rsquo;organisation est d\u00e9pos\u00e9e aupr\u00e8s de la Ville.<\/p>\n\n\n\n<p>La date pr\u00e9vue est fix\u00e9e au dimanche 13 septembre 2026.<\/p>\n\n\n\n<p>Les inscriptions d\u00e9marrent d\u00e8s maintenant (15 f\u00e9vrier 2026) \u00e0 partir de ce site (Page R\u00e9servation). <strong>Il n&rsquo;est pas possible de s&rsquo;inscrire par t\u00e9l\u00e9phone.<\/strong><\/p>\n\n\n\n<p>Ce qui vous attend : \u00e0 d\u00e9finir<\/p>\n\n\n<style type=\"text\/css\" scoped>.rbs_gallery_69f309bbde210Spinner{\r\n\t\t\t\tmargin: 50px auto;\r\n\t\t\t\twidth: 50px;\r\n\t\t\t\theight: 40px;\r\n\t\t\t\ttext-align: center;\r\n\t\t\t\tfont-size: 10px;\r\n\t\t\t}\r\n\t\t\t.rbs_gallery_69f309bbde210Spinner > div{\r\n\t\t\t  background-color: #333;\r\n\t\t\t  height: 100%;\r\n\t\t\t  width: 6px;\r\n\t\t\t  display: inline-block;\r\n\t\t\t  -webkit-animation: rbs_gallery_69f309bbde210-stretchdelay 1.2s infinite ease-in-out;\r\n\t\t\t  animation: rbs_gallery_69f309bbde210-stretchdelay 1.2s infinite ease-in-out;\r\n\t\t\t}\r\n\t\t\t.rbs_gallery_69f309bbde210Spinner .rbs_gallery_69f309bbde210Rect2 {\r\n\t\t\t  -webkit-animation-delay: -1.1s;\r\n\t\t\t  animation-delay: -1.1s;\r\n\t\t\t}\r\n\t\t\t.rbs_gallery_69f309bbde210Spinner .rbs_gallery_69f309bbde210Rect3 {\r\n\t\t\t  -webkit-animation-delay: -1.0s;\r\n\t\t\t  animation-delay: -1.0s;\r\n\t\t\t}\r\n\t\t\t.rbs_gallery_69f309bbde210Spinner .rbs_gallery_69f309bbde210Rect4 {\r\n\t\t\t  -webkit-animation-delay: -0.9s;\r\n\t\t\t  animation-delay: -0.9s;\r\n\t\t\t}\r\n\t\t\t.rbs_gallery_69f309bbde210Spinner .rbs_gallery_69f309bbde210Rect5 {\r\n\t\t\t  -webkit-animation-delay: -0.8s;\r\n\t\t\t  animation-delay: -0.8s;\r\n\t\t\t}\r\n\t\t\t@-webkit-keyframes rbs_gallery_69f309bbde210-stretchdelay {\r\n\t\t\t  0%, 40%, 100% { -webkit-transform: scaleY(0.4) }  \r\n\t\t\t  20% { -webkit-transform: scaleY(1.0) }\r\n\t\t\t}\r\n\t\t\t@keyframes rbs_gallery_69f309bbde210-stretchdelay {\r\n\t\t\t  0%, 40%, 100% { \r\n\t\t\t    transform: scaleY(0.4);\r\n\t\t\t    -webkit-transform: scaleY(0.4);\r\n\t\t\t  }  20% { \r\n\t\t\t    transform: scaleY(1.0);\r\n\t\t\t    -webkit-transform: scaleY(1.0);\r\n\t\t\t  }\r\n\t\t\t}\r\n\t\t<\/style><div class=\"robo-gallery-wrap robo-gallery-wrap-id56 robo-gallery-masonry\" ><div id=\"rbs_gallery_69f309bbde210-block-loader\" class=\"rbs_gallery_69f309bbde210Spinner\"><div class=\"rbs_gallery_69f309bbde210Rect1\"><\/div> <div class=\"rbs_gallery_69f309bbde210Rect2\"><\/div> <div class=\"rbs_gallery_69f309bbde210Rect3\"><\/div> <div class=\"rbs_gallery_69f309bbde210Rect4\"><\/div> <div class=\"rbs_gallery_69f309bbde210Rect5\"><\/div><\/div><div id=\"robo_gallery_main_block_rbs_gallery_69f309bbde210\" class=\"robogallery-gallery-56\" style=\"width:100%;  display: none;\"><div id=\"rbs_gallery_69f309bbde210\" data-options=\"rbs_gallery_69f309bbde210\" style=\"width:100%;\" class=\"robo_gallery  \"><div class=\"rbs-img  category56 \" ><div class=\"rbs-img-image   rbs-lightbox \" ><div class=\"rbs-img-thumbs\"  data-thumbnail=\"https:\/\/brocantedebouge.net\/wp-content\/uploads\/2021\/05\/2021-03-23-14_28_17-La-brocante-de-Bouge-\u2013-Une-organisation-dARS-ET-LABOR-asbl.png\"  title=\"2021-03-23 14_28_17-La brocante de Bouge \u2013 Une organisation d&#039;ARS ET LABOR asbl\"  data-width=\"1180\"  data-height=\"469\" ><\/div><div class=\"rbs-img-data-popup\"  data-popup=\"https:\/\/brocantedebouge.net\/wp-content\/uploads\/2021\/05\/2021-03-23-14_28_17-La-brocante-de-Bouge-\u2013-Une-organisation-dARS-ET-LABOR-asbl.png\"  title=\"\" ><\/div><div class=\"thumbnail-overlay\"><div class=\"rbsTitle \">2021-03-23 14_28_17-La brocante de Bouge \u2013 Une organisation d&#039;ARS ET LABOR asbl<\/div><div class=\"rbsIcons\"><i class=\"fa fa-plus rbsZoomIcon \" ><\/i><\/div><\/div><\/div><\/div><div class=\"rbs-img  category56 \" ><div class=\"rbs-img-image   rbs-lightbox \" ><div class=\"rbs-img-thumbs\"  data-thumbnail=\"https:\/\/brocantedebouge.net\/wp-content\/uploads\/2021\/05\/2021-03-23-14_28_58-La-brocante-de-Bouge-\u2013-Une-organisation-dARS-ET-LABOR-asbl-1-300x119.png\"  title=\"2021-03-23 14_28_58-La brocante de Bouge \u2013 Une organisation d&#039;ARS ET LABOR asbl\"  data-width=\"300\"  data-height=\"119\" ><\/div><div class=\"rbs-img-data-popup\"  data-popup=\"https:\/\/brocantedebouge.net\/wp-content\/uploads\/2021\/05\/2021-03-23-14_28_58-La-brocante-de-Bouge-\u2013-Une-organisation-dARS-ET-LABOR-asbl-1.png\"  title=\"\" ><\/div><div class=\"thumbnail-overlay\"><div class=\"rbsTitle \">2021-03-23 14_28_58-La brocante de Bouge \u2013 Une organisation d&#039;ARS ET LABOR asbl<\/div><div class=\"rbsIcons\"><i class=\"fa fa-plus rbsZoomIcon \" ><\/i><\/div><\/div><\/div><\/div><div class=\"rbs-img  category56 \" ><div class=\"rbs-img-image   rbs-lightbox \" ><div class=\"rbs-img-thumbs\"  data-thumbnail=\"https:\/\/brocantedebouge.net\/wp-content\/uploads\/2021\/05\/2021-03-23-14_28_45-La-brocante-de-Bouge-\u2013-Une-organisation-dARS-ET-LABOR-asbl.png\"  title=\"2021-03-23 14_28_45-La brocante de Bouge \u2013 Une organisation d&#039;ARS ET LABOR asbl\"  data-width=\"1182\"  data-height=\"466\" ><\/div><div class=\"rbs-img-data-popup\"  data-popup=\"https:\/\/brocantedebouge.net\/wp-content\/uploads\/2021\/05\/2021-03-23-14_28_45-La-brocante-de-Bouge-\u2013-Une-organisation-dARS-ET-LABOR-asbl.png\"  title=\"\" ><\/div><div class=\"thumbnail-overlay\"><div class=\"rbsTitle \">2021-03-23 14_28_45-La brocante de Bouge \u2013 Une organisation d&#039;ARS ET LABOR asbl<\/div><div class=\"rbsIcons\"><i class=\"fa fa-plus rbsZoomIcon \" ><\/i><\/div><\/div><\/div><\/div><div class=\"rbs-img  category56 \" ><div class=\"rbs-img-image   rbs-lightbox \" ><div class=\"rbs-img-thumbs\"  data-thumbnail=\"https:\/\/brocantedebouge.net\/wp-content\/uploads\/2021\/05\/2021-03-23-14_28_30-La-brocante-de-Bouge-\u2013-Une-organisation-dARS-ET-LABOR-asbl.png\"  title=\"2021-03-23 14_28_30-La brocante de Bouge \u2013 Une organisation d&#039;ARS ET LABOR asbl\"  data-width=\"1180\"  data-height=\"470\" ><\/div><div class=\"rbs-img-data-popup\"  data-popup=\"https:\/\/brocantedebouge.net\/wp-content\/uploads\/2021\/05\/2021-03-23-14_28_30-La-brocante-de-Bouge-\u2013-Une-organisation-dARS-ET-LABOR-asbl.png\"  title=\"\" ><\/div><div class=\"thumbnail-overlay\"><div class=\"rbsTitle \">2021-03-23 14_28_30-La brocante de Bouge \u2013 Une organisation d&#039;ARS ET LABOR asbl<\/div><div class=\"rbsIcons\"><i class=\"fa fa-plus rbsZoomIcon \" ><\/i><\/div><\/div><\/div><\/div><div class=\"rbs-img  category56 \" ><div class=\"rbs-img-image   rbs-lightbox \" ><div class=\"rbs-img-thumbs\"  data-thumbnail=\"https:\/\/brocantedebouge.net\/wp-content\/uploads\/2021\/05\/2021-03-23-14_28_05-La-brocante-de-Bouge-\u2013-Une-organisation-dARS-ET-LABOR-asbl.png\"  title=\"2021-03-23 14_28_05-La brocante de Bouge \u2013 Une organisation d&#039;ARS ET LABOR asbl\"  data-width=\"1182\"  data-height=\"473\" ><\/div><div class=\"rbs-img-data-popup\"  data-popup=\"https:\/\/brocantedebouge.net\/wp-content\/uploads\/2021\/05\/2021-03-23-14_28_05-La-brocante-de-Bouge-\u2013-Une-organisation-dARS-ET-LABOR-asbl.png\"  title=\"\" ><\/div><div class=\"thumbnail-overlay\"><div class=\"rbsTitle \">2021-03-23 14_28_05-La brocante de Bouge \u2013 Une organisation d&#039;ARS ET LABOR asbl<\/div><div class=\"rbsIcons\"><i class=\"fa fa-plus rbsZoomIcon \" ><\/i><\/div><\/div><\/div><\/div><div class=\"rbs-img  category56 \" ><div class=\"rbs-img-image   rbs-lightbox \" ><div class=\"rbs-img-thumbs\"  data-thumbnail=\"https:\/\/brocantedebouge.net\/wp-content\/uploads\/2021\/05\/2021-03-23-14_27_34-La-brocante-de-Bouge-\u2013-Une-organisation-dARS-ET-LABOR-asbl.png\"  title=\"2021-03-23 14_27_34-La brocante de Bouge \u2013 Une organisation d&#039;ARS ET LABOR asbl\"  data-width=\"1182\"  data-height=\"474\" ><\/div><div class=\"rbs-img-data-popup\"  data-popup=\"https:\/\/brocantedebouge.net\/wp-content\/uploads\/2021\/05\/2021-03-23-14_27_34-La-brocante-de-Bouge-\u2013-Une-organisation-dARS-ET-LABOR-asbl.png\"  title=\"\" ><\/div><div class=\"thumbnail-overlay\"><div class=\"rbsTitle \">2021-03-23 14_27_34-La brocante de Bouge \u2013 Une organisation d&#039;ARS ET LABOR asbl<\/div><div class=\"rbsIcons\"><i class=\"fa fa-plus rbsZoomIcon \" ><\/i><\/div><\/div><\/div><\/div><div class=\"rbs-img  category56 \" ><div class=\"rbs-img-image   rbs-lightbox \" ><div class=\"rbs-img-thumbs\"  data-thumbnail=\"https:\/\/brocantedebouge.net\/wp-content\/uploads\/2021\/05\/118291758_783927705715214_1431078105744061374_n-225x300.jpg\"  title=\"118291758_783927705715214_1431078105744061374_n\"  data-width=\"225\"  data-height=\"300\" ><\/div><div class=\"rbs-img-data-popup\"  data-popup=\"https:\/\/brocantedebouge.net\/wp-content\/uploads\/2021\/05\/118291758_783927705715214_1431078105744061374_n.jpg\"  title=\"\" ><\/div><div class=\"thumbnail-overlay\"><div class=\"rbsTitle \">118291758_783927705715214_1431078105744061374_n<\/div><div class=\"rbsIcons\"><i class=\"fa fa-plus rbsZoomIcon \" ><\/i><\/div><\/div><\/div><\/div><div class=\"rbs-img  category56 \" ><div class=\"rbs-img-image   rbs-lightbox \" ><div class=\"rbs-img-thumbs\"  data-thumbnail=\"https:\/\/brocantedebouge.net\/wp-content\/uploads\/2021\/05\/118294980_783927685715216_8937619680739561038_n-600x1024.jpg\"  title=\"118294980_783927685715216_8937619680739561038_n\"  data-width=\"600\"  data-height=\"1024\" ><\/div><div class=\"rbs-img-data-popup\"  data-popup=\"https:\/\/brocantedebouge.net\/wp-content\/uploads\/2021\/05\/118294980_783927685715216_8937619680739561038_n.jpg\"  title=\"\" ><\/div><div class=\"thumbnail-overlay\"><div class=\"rbsTitle \">118294980_783927685715216_8937619680739561038_n<\/div><div class=\"rbsIcons\"><i class=\"fa fa-plus rbsZoomIcon \" ><\/i><\/div><\/div><\/div><\/div><div class=\"rbs-img  category56 \" ><div class=\"rbs-img-image   rbs-lightbox \" ><div class=\"rbs-img-thumbs\"  data-thumbnail=\"https:\/\/brocantedebouge.net\/wp-content\/uploads\/2021\/05\/279576_4123006107029_1095897295_o-600x1024.jpg\"  title=\"279576_4123006107029_1095897295_o\"  data-width=\"600\"  data-height=\"1024\" ><\/div><div class=\"rbs-img-data-popup\"  data-popup=\"https:\/\/brocantedebouge.net\/wp-content\/uploads\/2021\/05\/279576_4123006107029_1095897295_o.jpg\"  title=\"\" ><\/div><div class=\"thumbnail-overlay\"><div class=\"rbsTitle \">279576_4123006107029_1095897295_o<\/div><div class=\"rbsIcons\"><i class=\"fa fa-plus rbsZoomIcon \" ><\/i><\/div><\/div><\/div><\/div><div class=\"rbs-img  category56 \" ><div class=\"rbs-img-image   rbs-lightbox \" ><div class=\"rbs-img-thumbs\"  data-thumbnail=\"https:\/\/brocantedebouge.net\/wp-content\/uploads\/2021\/05\/41631479_10156099558892968_8977478403175219200_n-600x541.jpg\"  title=\"41631479_10156099558892968_8977478403175219200_n\"  data-width=\"600\"  data-height=\"541\" ><\/div><div class=\"rbs-img-data-popup\"  data-popup=\"https:\/\/brocantedebouge.net\/wp-content\/uploads\/2021\/05\/41631479_10156099558892968_8977478403175219200_n.jpg\"  title=\"\" ><\/div><div class=\"thumbnail-overlay\"><div class=\"rbsTitle \">41631479_10156099558892968_8977478403175219200_n<\/div><div class=\"rbsIcons\"><i class=\"fa fa-plus rbsZoomIcon \" ><\/i><\/div><\/div><\/div><\/div><div class=\"rbs-img  category56 \" ><div class=\"rbs-img-image   rbs-lightbox \" ><div class=\"rbs-img-thumbs\"  data-thumbnail=\"https:\/\/brocantedebouge.net\/wp-content\/uploads\/2021\/05\/41714719_10156099559332968_8989452213650718720_n-300x225.jpg\"  title=\"41714719_10156099559332968_8989452213650718720_n\"  data-width=\"300\"  data-height=\"225\" ><\/div><div class=\"rbs-img-data-popup\"  data-popup=\"https:\/\/brocantedebouge.net\/wp-content\/uploads\/2021\/05\/41714719_10156099559332968_8989452213650718720_n.jpg\"  title=\"\" ><\/div><div class=\"thumbnail-overlay\"><div class=\"rbsTitle \">41714719_10156099559332968_8989452213650718720_n<\/div><div class=\"rbsIcons\"><i class=\"fa fa-plus rbsZoomIcon \" ><\/i><\/div><\/div><\/div><\/div><div class=\"rbs-img  category56 \" ><div class=\"rbs-img-image   rbs-lightbox \" ><div class=\"rbs-img-thumbs\"  data-thumbnail=\"https:\/\/brocantedebouge.net\/wp-content\/uploads\/2021\/05\/69985741_2768142409896909_3245821302300213248_n-600x1024.jpg\"  title=\"69985741_2768142409896909_3245821302300213248_n\"  data-width=\"600\"  data-height=\"1024\" ><\/div><div class=\"rbs-img-data-popup\"  data-popup=\"https:\/\/brocantedebouge.net\/wp-content\/uploads\/2021\/05\/69985741_2768142409896909_3245821302300213248_n.jpg\"  title=\"\" ><\/div><div class=\"thumbnail-overlay\"><div class=\"rbsTitle \">69985741_2768142409896909_3245821302300213248_n<\/div><div class=\"rbsIcons\"><i class=\"fa fa-plus rbsZoomIcon \" ><\/i><\/div><\/div><\/div><\/div><\/div><\/div><\/div><script>var rbs_gallery_69f309bbde210 = {\"version\":\"5.1.2\",\"id\":56,\"class\":\"id56\",\"roboGalleryDelay\":1000,\"mainContainer\":\"#robo_gallery_main_block_rbs_gallery_69f309bbde210\",\"loadingContainer\":\"#rbs_gallery_69f309bbde210-block-loader\",\"loadingContainerObj\":\"rbs_gallery_69f309bbde210-block-loader\",\"columnWidth\":\"auto\",\"columns\":3,\"resolutions\":[{\"columnWidth\":\"auto\",\"columns\":3,\"maxWidth\":960},{\"columnWidth\":\"auto\",\"columns\":2,\"maxWidth\":650},{\"columnWidth\":\"auto\",\"columns\":1,\"maxWidth\":450}],\"lightboxOptions\":{\"gallery\":{\"enabled\":true,\"tCounter\":\"%curr% of %total%\"},\"image\":{\"verticalFit\":true},\"mainClass\":\"my-mfp-slide-bottom mfp-img-mobile\"},\"borderSize\":5,\"overlayEffect\":\"direction-aware-fade\",\"boxesToLoadStart\":12,\"boxesToLoad\":8,\"waitUntilThumbLoads\":1,\"LoadingWord\":\"Loading...\",\"loadMoreWord\":\"Load More\",\"noMoreEntriesWord\":\"No More Entries\",\"horizontalSpaceBetweenBoxes\":15,\"verticalSpaceBetweenBoxes\":15,\"lazyLoad\":1,\"wrapContainer\":\"#robo-gallery-wrap-rbs_gallery_69f309bbde210\"};<\/script>\n","protected":false},"excerpt":{"rendered":"<p>La brocante 2026 n&rsquo;attend plus que vos inscriptions ! R\u00e9servations accessibles : > 15\/02\/2026 Apr\u00e8s, il reste la possibilit\u00e9 du placement libre en se pr\u00e9sentant&#8230;<\/p>\n<div class=\"more-link-wrapper\"><a class=\"more-link\" href=\"https:\/\/brocantedebouge.net\/index.php\/page-d-exemple\/\">Continue Reading<span class=\"screen-reader-text\">La brocante de Bouge en quelques mots : 2026<\/span><\/a><\/div>\n","protected":false},"author":1,"featured_media":0,"parent":0,"menu_order":0,"comment_status":"closed","ping_status":"open","template":"","meta":{"iawp_total_views":2182,"footnotes":""},"class_list":["post-2","page","type-page","status-publish","hentry","entry"],"_links":{"self":[{"href":"https:\/\/brocantedebouge.net\/index.php\/wp-json\/wp\/v2\/pages\/2","targetHints":{"allow":["GET"]}}],"collection":[{"href":"https:\/\/brocantedebouge.net\/index.php\/wp-json\/wp\/v2\/pages"}],"about":[{"href":"https:\/\/brocantedebouge.net\/index.php\/wp-json\/wp\/v2\/types\/page"}],"author":[{"embeddable":true,"href":"https:\/\/brocantedebouge.net\/index.php\/wp-json\/wp\/v2\/users\/1"}],"replies":[{"embeddable":true,"href":"https:\/\/brocantedebouge.net\/index.php\/wp-json\/wp\/v2\/comments?post=2"}],"version-history":[{"count":55,"href":"https:\/\/brocantedebouge.net\/index.php\/wp-json\/wp\/v2\/pages\/2\/revisions"}],"predecessor-version":[{"id":314,"href":"https:\/\/brocantedebouge.net\/index.php\/wp-json\/wp\/v2\/pages\/2\/revisions\/314"}],"wp:attachment":[{"href":"https:\/\/brocantedebouge.net\/index.php\/wp-json\/wp\/v2\/media?parent=2"}],"curies":[{"name":"wp","href":"https:\/\/api.w.org\/{rel}","templated":true}]}}