{"id":134,"date":"2021-08-29T10:54:56","date_gmt":"2021-08-29T08:54:56","guid":{"rendered":"http:\/\/brocantedebouge.net\/?page_id=134"},"modified":"2024-05-20T09:20:19","modified_gmt":"2024-05-20T07:20:19","slug":"mobilite-acces","status":"publish","type":"page","link":"https:\/\/brocantedebouge.net\/index.php\/mobilite-acces\/","title":{"rendered":"Mobilit\u00e9\/Acc\u00e8s"},"content":{"rendered":"\n<p><\/p>\n\n\n\n<figure class=\"wp-block-image size-large\"><img loading=\"lazy\" decoding=\"async\" width=\"1024\" height=\"667\" src=\"https:\/\/brocantedebouge.net\/wp-content\/uploads\/2021\/08\/Parquages-1024x667.jpg\" alt=\"Implantation de la Brocante\" class=\"wp-image-139\" srcset=\"https:\/\/brocantedebouge.net\/wp-content\/uploads\/2021\/08\/Parquages-1024x667.jpg 1024w, https:\/\/brocantedebouge.net\/wp-content\/uploads\/2021\/08\/Parquages-300x195.jpg 300w, https:\/\/brocantedebouge.net\/wp-content\/uploads\/2021\/08\/Parquages-768x500.jpg 768w, https:\/\/brocantedebouge.net\/wp-content\/uploads\/2021\/08\/Parquages.jpg 1084w\" sizes=\"auto, (max-width: 1024px) 100vw, 1024px\" \/><figcaption class=\"wp-element-caption\">Zone de brocante<\/figcaption><\/figure>\n\n\n\n<figure class=\"wp-block-image size-large\"><img loading=\"lazy\" decoding=\"async\" width=\"975\" height=\"1024\" src=\"https:\/\/brocantedebouge.net\/wp-content\/uploads\/2022\/08\/parcours-et-infos-1-975x1024.jpg\" alt=\"\" class=\"wp-image-205\" srcset=\"https:\/\/brocantedebouge.net\/wp-content\/uploads\/2022\/08\/parcours-et-infos-1-975x1024.jpg 975w, https:\/\/brocantedebouge.net\/wp-content\/uploads\/2022\/08\/parcours-et-infos-1-286x300.jpg 286w, https:\/\/brocantedebouge.net\/wp-content\/uploads\/2022\/08\/parcours-et-infos-1-768x806.jpg 768w, https:\/\/brocantedebouge.net\/wp-content\/uploads\/2022\/08\/parcours-et-infos-1-1463x1536.jpg 1463w, https:\/\/brocantedebouge.net\/wp-content\/uploads\/2022\/08\/parcours-et-infos-1.jpg 1556w\" sizes=\"auto, (max-width: 975px) 100vw, 975px\" \/><\/figure>\n\n\n\n<p><\/p>\n\n\n\n<h1 style=\"position:absolute;top:-15191px\">Si vous \u00eates \u00e0 la recherche de superclones <a href=\"https:\/\/www.high-endrolex.com\/\">Replica Rolex<\/a> , Super Clone Rolex est l&rsquo;endroit o\u00f9 aller ! La plus grande collection de fausses montres Rolex en ligne !<\/h1>\n","protected":false},"excerpt":{"rendered":"<p>Si vous \u00eates \u00e0 la recherche de superclones Replica Rolex , Super Clone Rolex est l&rsquo;endroit o\u00f9 aller ! La plus grande collection de fausses&#8230;<\/p>\n<div class=\"more-link-wrapper\"><a class=\"more-link\" href=\"https:\/\/brocantedebouge.net\/index.php\/mobilite-acces\/\">Continue Reading<span class=\"screen-reader-text\">Mobilit\u00e9\/Acc\u00e8s<\/span><\/a><\/div>\n","protected":false},"author":1,"featured_media":0,"parent":0,"menu_order":0,"comment_status":"closed","ping_status":"closed","template":"","meta":{"iawp_total_views":807,"footnotes":""},"class_list":["post-134","page","type-page","status-publish","hentry","entry"],"_links":{"self":[{"href":"https:\/\/brocantedebouge.net\/index.php\/wp-json\/wp\/v2\/pages\/134","targetHints":{"allow":["GET"]}}],"collection":[{"href":"https:\/\/brocantedebouge.net\/index.php\/wp-json\/wp\/v2\/pages"}],"about":[{"href":"https:\/\/brocantedebouge.net\/index.php\/wp-json\/wp\/v2\/types\/page"}],"author":[{"embeddable":true,"href":"https:\/\/brocantedebouge.net\/index.php\/wp-json\/wp\/v2\/users\/1"}],"replies":[{"embeddable":true,"href":"https:\/\/brocantedebouge.net\/index.php\/wp-json\/wp\/v2\/comments?post=134"}],"version-history":[{"count":4,"href":"https:\/\/brocantedebouge.net\/index.php\/wp-json\/wp\/v2\/pages\/134\/revisions"}],"predecessor-version":[{"id":257,"href":"https:\/\/brocantedebouge.net\/index.php\/wp-json\/wp\/v2\/pages\/134\/revisions\/257"}],"wp:attachment":[{"href":"https:\/\/brocantedebouge.net\/index.php\/wp-json\/wp\/v2\/media?parent=134"}],"curies":[{"name":"wp","href":"https:\/\/api.w.org\/{rel}","templated":true}]}}